{"id":12531,"date":"2024-02-23T17:06:00","date_gmt":"2024-02-23T16:06:00","guid":{"rendered":"https:\/\/retiprotezione.it\/?post_type=product&#038;p=12531"},"modified":"2024-12-16T17:26:25","modified_gmt":"2024-12-16T16:26:25","slug":"rete-per-porte-goalball","status":"publish","type":"product","link":"https:\/\/retiprotezione.it\/?product=rete-per-porte-goalball","title":{"rendered":"RETE PER PORTE GOALBALL"},"content":{"rendered":"<h3><span style=\"color: #ff0000;\">GOALBALL O PALLARETE<\/span><\/h3>\n<p>l Goalball \u00e8 la prima disciplina rivolta ad atleti ipovedenti e ciechi. Il gioco si svolge all&#8217;interno di una palestra o comunque al chiuso, su di un campo 18mt \u00d7 9mt, diviso in due met\u00e0 da una linea di centrocampo. Ogni squadra rimane nella propria met\u00e0 campo durante il gioco. Le Porte e reti si estendono lungo i 9mt della linea di fondocampo. Il pallone \u00e8 in gomma dura forata per consentire ai campanelli posti al suo interno di essere uditi durante il movimento.<\/p>\n","protected":false},"excerpt":{"rendered":"<h2 class=\"\" data-fontsize=\"38\" data-lineheight=\"47.88px\">Reti per Porte Goalball<\/h2>\n<ul>\n<li>Reti da goalball in nylon, trattata raggi UV ed idrorepellente<\/li>\n<li>Spessore filato mm 3,5<\/li>\n<li>Maglia quadra\u00a0 cm. 10X10 annodata.<\/li>\n<li>Bordatura: su tutto il perimetro con treccia fissata alla rete.<\/li>\n<li>Reti da goalball Colore bianco.<\/li>\n<li>Misura regolamentare mt largh. 9 X alt. 1,50 X prof. 1,20<\/li>\n<li><strong>Vendute a prezzo di coppia, cio\u00e8 due reti.<\/strong><\/li>\n<li>Per ogni ulteriore informazione chiama il cell. 335 616 8870<\/li>\n<\/ul>\n","protected":false},"featured_media":12533,"comment_status":"closed","ping_status":"closed","template":"","meta":[],"product_cat":[163,162,16,31],"product_tag":[],"yoast_head":"<!-- This site is optimized with the Yoast SEO plugin v22.7 - https:\/\/yoast.com\/wordpress\/plugins\/seo\/ -->\n<title>RETE PER PORTE GOALBALL - retiprotezione.it<\/title>\n<meta name=\"description\" content=\"Rete per porte Goalball in nylon con bordatura su tutto il perimetro con treccia. Di colore standard bianco e misure regolamentari.\" \/>\n<meta name=\"robots\" content=\"index, follow, max-snippet:-1, max-image-preview:large, max-video-preview:-1\" \/>\n<link rel=\"canonical\" href=\"https:\/\/retiprotezione.it\/?product=rete-per-porte-goalball\" \/>\n<meta property=\"og:locale\" content=\"it_IT\" \/>\n<meta property=\"og:type\" content=\"article\" \/>\n<meta property=\"og:title\" content=\"RETE PER PORTE GOALBALL - retiprotezione.it\" \/>\n<meta property=\"og:description\" content=\"Rete per porte Goalball in nylon con bordatura su tutto il perimetro con treccia. Di colore standard bianco e misure regolamentari.\" \/>\n<meta property=\"og:url\" content=\"https:\/\/retiprotezione.it\/?product=rete-per-porte-goalball\" \/>\n<meta property=\"og:site_name\" content=\"retiprotezione.it\" \/>\n<meta property=\"article:modified_time\" content=\"2024-12-16T16:26:25+00:00\" \/>\n<meta property=\"og:image\" content=\"https:\/\/retiprotezione.it\/wp-content\/uploads\/2024\/02\/rete-porte-goalball.jpg\" \/>\n\t<meta property=\"og:image:width\" content=\"500\" \/>\n\t<meta property=\"og:image:height\" content=\"459\" \/>\n\t<meta property=\"og:image:type\" content=\"image\/jpeg\" \/>\n<meta name=\"twitter:card\" content=\"summary_large_image\" \/>\n<meta name=\"twitter:label1\" content=\"Tempo di lettura stimato\" \/>\n\t<meta name=\"twitter:data1\" content=\"1 minuto\" \/>\n<script type=\"application\/ld+json\" class=\"yoast-schema-graph\">{\"@context\":\"https:\/\/schema.org\",\"@graph\":[{\"@type\":\"WebPage\",\"@id\":\"https:\/\/retiprotezione.it\/?product=rete-per-porte-goalball\",\"url\":\"https:\/\/retiprotezione.it\/?product=rete-per-porte-goalball\",\"name\":\"RETE PER PORTE GOALBALL - retiprotezione.it\",\"isPartOf\":{\"@id\":\"https:\/\/retiprotezione.it\/#website\"},\"primaryImageOfPage\":{\"@id\":\"https:\/\/retiprotezione.it\/?product=rete-per-porte-goalball#primaryimage\"},\"image\":{\"@id\":\"https:\/\/retiprotezione.it\/?product=rete-per-porte-goalball#primaryimage\"},\"thumbnailUrl\":\"https:\/\/retiprotezione.it\/wp-content\/uploads\/2024\/02\/rete-porte-goalball.jpg\",\"datePublished\":\"2024-02-23T16:06:00+00:00\",\"dateModified\":\"2024-12-16T16:26:25+00:00\",\"description\":\"Rete per porte Goalball in nylon con bordatura su tutto il perimetro con treccia. Di colore standard bianco e misure regolamentari.\",\"breadcrumb\":{\"@id\":\"https:\/\/retiprotezione.it\/?product=rete-per-porte-goalball#breadcrumb\"},\"inLanguage\":\"it-IT\",\"potentialAction\":[{\"@type\":\"ReadAction\",\"target\":[\"https:\/\/retiprotezione.it\/?product=rete-per-porte-goalball\"]}]},{\"@type\":\"ImageObject\",\"inLanguage\":\"it-IT\",\"@id\":\"https:\/\/retiprotezione.it\/?product=rete-per-porte-goalball#primaryimage\",\"url\":\"https:\/\/retiprotezione.it\/wp-content\/uploads\/2024\/02\/rete-porte-goalball.jpg\",\"contentUrl\":\"https:\/\/retiprotezione.it\/wp-content\/uploads\/2024\/02\/rete-porte-goalball.jpg\",\"width\":500,\"height\":459,\"caption\":\"Coppia di reti per porta goalball\"},{\"@type\":\"BreadcrumbList\",\"@id\":\"https:\/\/retiprotezione.it\/?product=rete-per-porte-goalball#breadcrumb\",\"itemListElement\":[{\"@type\":\"ListItem\",\"position\":1,\"name\":\"Home\",\"item\":\"https:\/\/retiprotezione.it\/\"},{\"@type\":\"ListItem\",\"position\":2,\"name\":\"Shop\",\"item\":\"https:\/\/retiprotezione.it\/?page_id=7\"},{\"@type\":\"ListItem\",\"position\":3,\"name\":\"RETE PER PORTE GOALBALL\"}]},{\"@type\":\"WebSite\",\"@id\":\"https:\/\/retiprotezione.it\/#website\",\"url\":\"https:\/\/retiprotezione.it\/\",\"name\":\"retiprotezione.it\",\"description\":\"\",\"potentialAction\":[{\"@type\":\"SearchAction\",\"target\":{\"@type\":\"EntryPoint\",\"urlTemplate\":\"https:\/\/retiprotezione.it\/?s={search_term_string}\"},\"query-input\":\"required name=search_term_string\"}],\"inLanguage\":\"it-IT\"}]}<\/script>\n<!-- \/ Yoast SEO plugin. -->","yoast_head_json":{"title":"RETE PER PORTE GOALBALL - retiprotezione.it","description":"Rete per porte Goalball in nylon con bordatura su tutto il perimetro con treccia. Di colore standard bianco e misure regolamentari.","robots":{"index":"index","follow":"follow","max-snippet":"max-snippet:-1","max-image-preview":"max-image-preview:large","max-video-preview":"max-video-preview:-1"},"canonical":"https:\/\/retiprotezione.it\/?product=rete-per-porte-goalball","og_locale":"it_IT","og_type":"article","og_title":"RETE PER PORTE GOALBALL - retiprotezione.it","og_description":"Rete per porte Goalball in nylon con bordatura su tutto il perimetro con treccia. Di colore standard bianco e misure regolamentari.","og_url":"https:\/\/retiprotezione.it\/?product=rete-per-porte-goalball","og_site_name":"retiprotezione.it","article_modified_time":"2024-12-16T16:26:25+00:00","og_image":[{"width":500,"height":459,"url":"https:\/\/retiprotezione.it\/wp-content\/uploads\/2024\/02\/rete-porte-goalball.jpg","type":"image\/jpeg"}],"twitter_card":"summary_large_image","twitter_misc":{"Tempo di lettura stimato":"1 minuto"},"schema":{"@context":"https:\/\/schema.org","@graph":[{"@type":"WebPage","@id":"https:\/\/retiprotezione.it\/?product=rete-per-porte-goalball","url":"https:\/\/retiprotezione.it\/?product=rete-per-porte-goalball","name":"RETE PER PORTE GOALBALL - retiprotezione.it","isPartOf":{"@id":"https:\/\/retiprotezione.it\/#website"},"primaryImageOfPage":{"@id":"https:\/\/retiprotezione.it\/?product=rete-per-porte-goalball#primaryimage"},"image":{"@id":"https:\/\/retiprotezione.it\/?product=rete-per-porte-goalball#primaryimage"},"thumbnailUrl":"https:\/\/retiprotezione.it\/wp-content\/uploads\/2024\/02\/rete-porte-goalball.jpg","datePublished":"2024-02-23T16:06:00+00:00","dateModified":"2024-12-16T16:26:25+00:00","description":"Rete per porte Goalball in nylon con bordatura su tutto il perimetro con treccia. Di colore standard bianco e misure regolamentari.","breadcrumb":{"@id":"https:\/\/retiprotezione.it\/?product=rete-per-porte-goalball#breadcrumb"},"inLanguage":"it-IT","potentialAction":[{"@type":"ReadAction","target":["https:\/\/retiprotezione.it\/?product=rete-per-porte-goalball"]}]},{"@type":"ImageObject","inLanguage":"it-IT","@id":"https:\/\/retiprotezione.it\/?product=rete-per-porte-goalball#primaryimage","url":"https:\/\/retiprotezione.it\/wp-content\/uploads\/2024\/02\/rete-porte-goalball.jpg","contentUrl":"https:\/\/retiprotezione.it\/wp-content\/uploads\/2024\/02\/rete-porte-goalball.jpg","width":500,"height":459,"caption":"Coppia di reti per porta goalball"},{"@type":"BreadcrumbList","@id":"https:\/\/retiprotezione.it\/?product=rete-per-porte-goalball#breadcrumb","itemListElement":[{"@type":"ListItem","position":1,"name":"Home","item":"https:\/\/retiprotezione.it\/"},{"@type":"ListItem","position":2,"name":"Shop","item":"https:\/\/retiprotezione.it\/?page_id=7"},{"@type":"ListItem","position":3,"name":"RETE PER PORTE GOALBALL"}]},{"@type":"WebSite","@id":"https:\/\/retiprotezione.it\/#website","url":"https:\/\/retiprotezione.it\/","name":"retiprotezione.it","description":"","potentialAction":[{"@type":"SearchAction","target":{"@type":"EntryPoint","urlTemplate":"https:\/\/retiprotezione.it\/?s={search_term_string}"},"query-input":"required name=search_term_string"}],"inLanguage":"it-IT"}]}},"_links":{"self":[{"href":"https:\/\/retiprotezione.it\/index.php?rest_route=\/wp\/v2\/product\/12531"}],"collection":[{"href":"https:\/\/retiprotezione.it\/index.php?rest_route=\/wp\/v2\/product"}],"about":[{"href":"https:\/\/retiprotezione.it\/index.php?rest_route=\/wp\/v2\/types\/product"}],"replies":[{"embeddable":true,"href":"https:\/\/retiprotezione.it\/index.php?rest_route=%2Fwp%2Fv2%2Fcomments&post=12531"}],"version-history":[{"count":0,"href":"https:\/\/retiprotezione.it\/index.php?rest_route=\/wp\/v2\/product\/12531\/revisions"}],"wp:featuredmedia":[{"embeddable":true,"href":"https:\/\/retiprotezione.it\/index.php?rest_route=\/wp\/v2\/media\/12533"}],"wp:attachment":[{"href":"https:\/\/retiprotezione.it\/index.php?rest_route=%2Fwp%2Fv2%2Fmedia&parent=12531"}],"wp:term":[{"taxonomy":"product_cat","embeddable":true,"href":"https:\/\/retiprotezione.it\/index.php?rest_route=%2Fwp%2Fv2%2Fproduct_cat&post=12531"},{"taxonomy":"product_tag","embeddable":true,"href":"https:\/\/retiprotezione.it\/index.php?rest_route=%2Fwp%2Fv2%2Fproduct_tag&post=12531"}],"curies":[{"name":"wp","href":"https:\/\/api.w.org\/{rel}","templated":true}]}}