{"id":11318,"date":"2022-02-10T16:40:02","date_gmt":"2022-02-10T15:40:02","guid":{"rendered":"https:\/\/retiprotezione.it\/?post_type=product&#038;p=11318"},"modified":"2026-03-31T17:04:12","modified_gmt":"2026-03-31T15:04:12","slug":"rete-camion-e-container-inpiu-fs","status":"publish","type":"product","link":"https:\/\/retiprotezione.it\/?product=rete-camion-e-container-inpiu-fs","title":{"rendered":"Rete camion e container InPi\u00f9 FS"},"content":{"rendered":"<h3 class=\"fusion-responsive-typography-calculated\" data-fontsize=\"16\" data-lineheight=\"30.08px\"><strong><em>RETE PER CAMION O CONATINER InPi\u00f9 \u2013 Forma Scatola<\/em><\/strong><\/h3>\n<h4 class=\"fusion-responsive-typography-calculated\" data-fontsize=\"15\" data-lineheight=\"25.95px\">La Bresciareti confeziona la rete InPi\u00f9 con maglia larga (mm 100 x 100) e della misura richiesta dal cliente. Il suo UTILIZZO \u00e8 prioritariamente orientato alla ricopertura di altre coperture sottostanti ad essa. Ad esempio per prodotti gi\u00e0 confezionati ma che necessitano\u00a0 di un ulteriore stabilizzazione per un trasporto pi\u00f9 sicuro. Inoltre il fissaggio della rete InPi\u00f9 permette di aumentare la sicurezza, dell\u2019involucro sottostante la rete (es. film o cellofan etc.), dei trasporto via terra o mare in caso di agenti atmosferico avverso, come vento forte o pioggia.<\/h4>\n<p>Scarica la Scheda Tecnica: <a href=\"https:\/\/retiprotezione.it\/wp-content\/uploads\/2022\/02\/SCHEDA-ARTICOLO-I01.docx\">SCHEDA ARTICOLO &#8211; I01<\/a><\/p>\n","protected":false},"excerpt":{"rendered":"<h3 class=\"fusion-responsive-typography-calculated\" data-fontsize=\"16\" data-lineheight=\"30.08px\"><strong>RETE PER CAMION E CONTAINER InPi\u00f9 \u2013 Forma scatola<\/strong><\/h3>\n<ul>\n<li><strong>MATERIALE<\/strong>: Filato di nylon polietilene vergine<\/li>\n<li><strong>CONFEZIONATA<\/strong>: forma a scatola<\/li>\n<li><strong>COLORE\u00a0DISPONIBILE<\/strong>: Nero<\/li>\n<li><strong>SPESSORE<\/strong> FILATO: 2,2 mm<\/li>\n<li><strong>RETE<\/strong>: a maglia quadra senza nodo<\/li>\n<li><strong>MAGLIA<\/strong>: mm 100 \u00d7 100<\/li>\n<li><strong>DURATA<\/strong>: oltre 10 anni<\/li>\n<li><strong>PESO<\/strong>: 40 g\/mq<\/li>\n<li><strong>BORDATURA<\/strong>\u00a0<strong>PERIMETRALE<\/strong>: realizzata con treccia in nylon spessore mm 6<\/li>\n<li><strong>UTILIZZO<\/strong>: ogni rete viene realizzata in lunghezza e larghezza della dimensione richiesta, completa di rinforzo perimetrale con una treccia di mm 6 cucita alla rete. Prodotto adatto\u00a0 come copertura aggiuntiva ad altri involucri. Montaggio di estrema facilit\u00e0 considerando che la rete ha tutto il profilo perimetrale bordato e pu\u00f2 essere adattata a qualsiasi forma. La fornitura della rete si caratterizza per la forma a<strong>\u00a0scatola<\/strong>.<\/li>\n<\/ul>\n<p>Per qualsiasi ulteriore informazione chiamaci al cell. 335 616 8870<\/p>\n<hr \/>\n<hr \/>\n<p><strong>Prezzo a partire da 20 Euro<\/strong><\/p>\n","protected":false},"featured_media":10013,"comment_status":"open","ping_status":"closed","template":"","meta":[],"product_cat":[161],"product_tag":[],"yoast_head":"<!-- This site is optimized with the Yoast SEO plugin v22.7 - https:\/\/yoast.com\/wordpress\/plugins\/seo\/ -->\n<title>Rete camion e container InPi\u00f9 FS - retiprotezione.it<\/title>\n<meta name=\"description\" content=\"Rete per camion e container InPi\u00f9 forma scatola. Prodotto adatto per copertura aggiuntiva ai prodotti. Facile il montaggio\" \/>\n<meta name=\"robots\" content=\"index, follow, max-snippet:-1, max-image-preview:large, max-video-preview:-1\" \/>\n<link rel=\"canonical\" href=\"https:\/\/retiprotezione.it\/?product=rete-camion-e-container-inpiu-fs\" \/>\n<meta property=\"og:locale\" content=\"it_IT\" \/>\n<meta property=\"og:type\" content=\"article\" \/>\n<meta property=\"og:title\" content=\"Rete camion e container InPi\u00f9 FS - retiprotezione.it\" \/>\n<meta property=\"og:description\" content=\"Rete per camion e container InPi\u00f9 forma scatola. Prodotto adatto per copertura aggiuntiva ai prodotti. Facile il montaggio\" \/>\n<meta property=\"og:url\" content=\"https:\/\/retiprotezione.it\/?product=rete-camion-e-container-inpiu-fs\" \/>\n<meta property=\"og:site_name\" content=\"retiprotezione.it\" \/>\n<meta property=\"article:modified_time\" content=\"2026-03-31T15:04:12+00:00\" \/>\n<meta property=\"og:image\" content=\"https:\/\/retiprotezione.it\/wp-content\/uploads\/2020\/11\/rete-senza-nodo-10x10-nera-2.jpg\" \/>\n\t<meta property=\"og:image:width\" content=\"640\" \/>\n\t<meta property=\"og:image:height\" content=\"480\" \/>\n\t<meta property=\"og:image:type\" content=\"image\/jpeg\" \/>\n<meta name=\"twitter:card\" content=\"summary_large_image\" \/>\n<meta name=\"twitter:label1\" content=\"Tempo di lettura stimato\" \/>\n\t<meta name=\"twitter:data1\" content=\"1 minuto\" \/>\n<script type=\"application\/ld+json\" class=\"yoast-schema-graph\">{\"@context\":\"https:\/\/schema.org\",\"@graph\":[{\"@type\":\"WebPage\",\"@id\":\"https:\/\/retiprotezione.it\/?product=rete-camion-e-container-inpiu-fs\",\"url\":\"https:\/\/retiprotezione.it\/?product=rete-camion-e-container-inpiu-fs\",\"name\":\"Rete camion e container InPi\u00f9 FS - retiprotezione.it\",\"isPartOf\":{\"@id\":\"https:\/\/retiprotezione.it\/#website\"},\"primaryImageOfPage\":{\"@id\":\"https:\/\/retiprotezione.it\/?product=rete-camion-e-container-inpiu-fs#primaryimage\"},\"image\":{\"@id\":\"https:\/\/retiprotezione.it\/?product=rete-camion-e-container-inpiu-fs#primaryimage\"},\"thumbnailUrl\":\"https:\/\/retiprotezione.it\/wp-content\/uploads\/2020\/11\/rete-senza-nodo-10x10-nera-2.jpg\",\"datePublished\":\"2022-02-10T15:40:02+00:00\",\"dateModified\":\"2026-03-31T15:04:12+00:00\",\"description\":\"Rete per camion e container InPi\u00f9 forma scatola. Prodotto adatto per copertura aggiuntiva ai prodotti. Facile il montaggio\",\"breadcrumb\":{\"@id\":\"https:\/\/retiprotezione.it\/?product=rete-camion-e-container-inpiu-fs#breadcrumb\"},\"inLanguage\":\"it-IT\",\"potentialAction\":[{\"@type\":\"ReadAction\",\"target\":[\"https:\/\/retiprotezione.it\/?product=rete-camion-e-container-inpiu-fs\"]}]},{\"@type\":\"ImageObject\",\"inLanguage\":\"it-IT\",\"@id\":\"https:\/\/retiprotezione.it\/?product=rete-camion-e-container-inpiu-fs#primaryimage\",\"url\":\"https:\/\/retiprotezione.it\/wp-content\/uploads\/2020\/11\/rete-senza-nodo-10x10-nera-2.jpg\",\"contentUrl\":\"https:\/\/retiprotezione.it\/wp-content\/uploads\/2020\/11\/rete-senza-nodo-10x10-nera-2.jpg\",\"width\":640,\"height\":480},{\"@type\":\"BreadcrumbList\",\"@id\":\"https:\/\/retiprotezione.it\/?product=rete-camion-e-container-inpiu-fs#breadcrumb\",\"itemListElement\":[{\"@type\":\"ListItem\",\"position\":1,\"name\":\"Home\",\"item\":\"https:\/\/retiprotezione.it\/\"},{\"@type\":\"ListItem\",\"position\":2,\"name\":\"Shop\",\"item\":\"https:\/\/retiprotezione.it\/?page_id=7\"},{\"@type\":\"ListItem\",\"position\":3,\"name\":\"Rete camion e container InPi\u00f9 FS\"}]},{\"@type\":\"WebSite\",\"@id\":\"https:\/\/retiprotezione.it\/#website\",\"url\":\"https:\/\/retiprotezione.it\/\",\"name\":\"retiprotezione.it\",\"description\":\"\",\"potentialAction\":[{\"@type\":\"SearchAction\",\"target\":{\"@type\":\"EntryPoint\",\"urlTemplate\":\"https:\/\/retiprotezione.it\/?s={search_term_string}\"},\"query-input\":\"required name=search_term_string\"}],\"inLanguage\":\"it-IT\"}]}<\/script>\n<!-- \/ Yoast SEO plugin. -->","yoast_head_json":{"title":"Rete camion e container InPi\u00f9 FS - retiprotezione.it","description":"Rete per camion e container InPi\u00f9 forma scatola. Prodotto adatto per copertura aggiuntiva ai prodotti. Facile il montaggio","robots":{"index":"index","follow":"follow","max-snippet":"max-snippet:-1","max-image-preview":"max-image-preview:large","max-video-preview":"max-video-preview:-1"},"canonical":"https:\/\/retiprotezione.it\/?product=rete-camion-e-container-inpiu-fs","og_locale":"it_IT","og_type":"article","og_title":"Rete camion e container InPi\u00f9 FS - retiprotezione.it","og_description":"Rete per camion e container InPi\u00f9 forma scatola. Prodotto adatto per copertura aggiuntiva ai prodotti. Facile il montaggio","og_url":"https:\/\/retiprotezione.it\/?product=rete-camion-e-container-inpiu-fs","og_site_name":"retiprotezione.it","article_modified_time":"2026-03-31T15:04:12+00:00","og_image":[{"width":640,"height":480,"url":"https:\/\/retiprotezione.it\/wp-content\/uploads\/2020\/11\/rete-senza-nodo-10x10-nera-2.jpg","type":"image\/jpeg"}],"twitter_card":"summary_large_image","twitter_misc":{"Tempo di lettura stimato":"1 minuto"},"schema":{"@context":"https:\/\/schema.org","@graph":[{"@type":"WebPage","@id":"https:\/\/retiprotezione.it\/?product=rete-camion-e-container-inpiu-fs","url":"https:\/\/retiprotezione.it\/?product=rete-camion-e-container-inpiu-fs","name":"Rete camion e container InPi\u00f9 FS - retiprotezione.it","isPartOf":{"@id":"https:\/\/retiprotezione.it\/#website"},"primaryImageOfPage":{"@id":"https:\/\/retiprotezione.it\/?product=rete-camion-e-container-inpiu-fs#primaryimage"},"image":{"@id":"https:\/\/retiprotezione.it\/?product=rete-camion-e-container-inpiu-fs#primaryimage"},"thumbnailUrl":"https:\/\/retiprotezione.it\/wp-content\/uploads\/2020\/11\/rete-senza-nodo-10x10-nera-2.jpg","datePublished":"2022-02-10T15:40:02+00:00","dateModified":"2026-03-31T15:04:12+00:00","description":"Rete per camion e container InPi\u00f9 forma scatola. Prodotto adatto per copertura aggiuntiva ai prodotti. Facile il montaggio","breadcrumb":{"@id":"https:\/\/retiprotezione.it\/?product=rete-camion-e-container-inpiu-fs#breadcrumb"},"inLanguage":"it-IT","potentialAction":[{"@type":"ReadAction","target":["https:\/\/retiprotezione.it\/?product=rete-camion-e-container-inpiu-fs"]}]},{"@type":"ImageObject","inLanguage":"it-IT","@id":"https:\/\/retiprotezione.it\/?product=rete-camion-e-container-inpiu-fs#primaryimage","url":"https:\/\/retiprotezione.it\/wp-content\/uploads\/2020\/11\/rete-senza-nodo-10x10-nera-2.jpg","contentUrl":"https:\/\/retiprotezione.it\/wp-content\/uploads\/2020\/11\/rete-senza-nodo-10x10-nera-2.jpg","width":640,"height":480},{"@type":"BreadcrumbList","@id":"https:\/\/retiprotezione.it\/?product=rete-camion-e-container-inpiu-fs#breadcrumb","itemListElement":[{"@type":"ListItem","position":1,"name":"Home","item":"https:\/\/retiprotezione.it\/"},{"@type":"ListItem","position":2,"name":"Shop","item":"https:\/\/retiprotezione.it\/?page_id=7"},{"@type":"ListItem","position":3,"name":"Rete camion e container InPi\u00f9 FS"}]},{"@type":"WebSite","@id":"https:\/\/retiprotezione.it\/#website","url":"https:\/\/retiprotezione.it\/","name":"retiprotezione.it","description":"","potentialAction":[{"@type":"SearchAction","target":{"@type":"EntryPoint","urlTemplate":"https:\/\/retiprotezione.it\/?s={search_term_string}"},"query-input":"required name=search_term_string"}],"inLanguage":"it-IT"}]}},"_links":{"self":[{"href":"https:\/\/retiprotezione.it\/index.php?rest_route=\/wp\/v2\/product\/11318"}],"collection":[{"href":"https:\/\/retiprotezione.it\/index.php?rest_route=\/wp\/v2\/product"}],"about":[{"href":"https:\/\/retiprotezione.it\/index.php?rest_route=\/wp\/v2\/types\/product"}],"replies":[{"embeddable":true,"href":"https:\/\/retiprotezione.it\/index.php?rest_route=%2Fwp%2Fv2%2Fcomments&post=11318"}],"version-history":[{"count":0,"href":"https:\/\/retiprotezione.it\/index.php?rest_route=\/wp\/v2\/product\/11318\/revisions"}],"wp:featuredmedia":[{"embeddable":true,"href":"https:\/\/retiprotezione.it\/index.php?rest_route=\/wp\/v2\/media\/10013"}],"wp:attachment":[{"href":"https:\/\/retiprotezione.it\/index.php?rest_route=%2Fwp%2Fv2%2Fmedia&parent=11318"}],"wp:term":[{"taxonomy":"product_cat","embeddable":true,"href":"https:\/\/retiprotezione.it\/index.php?rest_route=%2Fwp%2Fv2%2Fproduct_cat&post=11318"},{"taxonomy":"product_tag","embeddable":true,"href":"https:\/\/retiprotezione.it\/index.php?rest_route=%2Fwp%2Fv2%2Fproduct_tag&post=11318"}],"curies":[{"name":"wp","href":"https:\/\/api.w.org\/{rel}","templated":true}]}}